{"id":1691,"date":"2023-10-24T15:30:41","date_gmt":"2023-10-24T15:30:41","guid":{"rendered":"https:\/\/law.shadikur.com\/?page_id=1691"},"modified":"2023-10-24T15:32:29","modified_gmt":"2023-10-24T15:32:29","slug":"outside-non-firm-attorneys","status":"publish","type":"page","link":"https:\/\/www.worldwidelaw.com\/de\/outside-non-firm-attorneys\/","title":{"rendered":"Externe (nicht firmeneigene) Anw\u00e4lte"},"content":{"rendered":"<div class=\"wpb-content-wrapper\"><div data-vc-full-width=\"true\" data-vc-full-width-init=\"false\" class=\"vc_row wpb_row vc_row-fluid vc_custom_1498634670376 vc_row-has-fill\"><div class=\"wpb_column vc_column_container vc_col-sm-12\"><div class=\"vc_column-inner vc_custom_1498634650611\"><div class=\"wpb_wrapper\"><h1 style=\"text-align: left\" class=\"vc_custom_heading vc_custom_1698161513156\" >Externe (nicht firmeneigene) Anw\u00e4lte <\/h1>\n\t<div  class=\"wpb_single_image wpb_content_element vc_align_left  vc_custom_1513073804793\">\n\t\t\n\t\t<figure class=\"wpb_wrapper vc_figure\">\n\t\t\t<div class=\"vc_single_image-wrapper   vc_box_border_grey\"><img loading=\"lazy\" decoding=\"async\" width=\"51\" height=\"8\" src=\"https:\/\/www.worldwidelaw.com\/wp-content\/uploads\/2017\/12\/hr-line.png\" class=\"vc_single_image-img attachment-full\" alt=\"Separator\" title=\"hr-line\" \/><\/div>\n\t\t<\/figure>\n\t<\/div>\n\n\t<div class=\"wpb_text_column wpb_content_element  vc_custom_1698161523166 home-welcome-text\" >\n\t\t<div class=\"wpb_wrapper\">\n\t\t\t<div>Baur &amp; Klein, P.A. versucht, bestimmte F\u00e4lle an eine externe (nicht zu Baur &amp; Klein, P.A. geh\u00f6rende) Anwaltskanzlei in Florida zu verweisen, deren Anw\u00e4lte viele sechs-, sieben- und achtstellige Urteile und Vergleiche f\u00fcr ihre Mandanten erzielt haben. Diese Anw\u00e4lte, die nicht zu Baur &amp; Klein, P.A. geh\u00f6ren, haben zuvor Empfehlungen von Baur &amp; Klein, P.A. angenommen. Diese Anw\u00e4lte, die nicht zu Baur &amp; Klein, P.A. geh\u00f6ren, bearbeiten F\u00e4lle mit katastrophalen Personensch\u00e4den, widerrechtlicher T\u00f6tung, \u00e4rztlichen Kunstfehlern, Produktfehlern, Aufzugsunf\u00e4llen, Hirnverletzungen, Autounf\u00e4llen, LKW-Unf\u00e4llen, Unf\u00e4llen im \u00f6ffentlichen Nahverkehr, Bootsunf\u00e4llen und vielen anderen Angelegenheiten. Baur &amp; Klein, P.A. hat erfolgreich mit diesen externen Anw\u00e4lten im Namen der Kunden von Baur &amp; Klein, P.A. zusammengearbeitet. <strong>Baur &amp; Klein, P.A. kann in bestimmten Rechtsangelegenheiten mit diesen oder anderen externen Anw\u00e4lten zusammenarbeiten oder sie an diese verweisen. <\/strong><\/div>\n\n\t\t<\/div>\n\t<\/div>\n<h3 style=\"text-align: left\" class=\"vc_custom_heading vc_custom_1698161532878\" >Achtung:<\/h3>\n\t<div class=\"wpb_text_column wpb_content_element  vc_custom_1698161547274 home-welcome-text\" >\n\t\t<div class=\"wpb_wrapper\">\n\t\t\t<div>\n<div class=\"wpb_text_column wpb_content_element vc_custom_1698153819489 home-welcome-text\">\n<div class=\"wpb_wrapper\">\n<p><strong>Pers\u00f6nliche Beratungsgespr\u00e4che mit Baur &amp; Klein, P.A., in ihrem B\u00fcro in Miami, Florida, sind nur nach Vereinbarung m\u00f6glich; die meisten Angelegenheiten werden \u00fcber elektronische Kommunikation zwischen Baur &amp; Klein, P.A. und ihren<\/strong><\/p>\n<p><strong>Mandanten abgewickelt. Es werden keine \"walk ins\" akzeptiert. \"Ihr Fall kann an einen anderen Anwalt verwiesen werden.<\/strong><\/p>\n<\/div>\n<\/div>\n<\/div>\n\n\t\t<\/div>\n\t<\/div>\n<\/div><\/div><\/div><\/div><div class=\"vc_row-full-width vc_clearfix\"><\/div><div class=\"vc_row wpb_row vc_row-fluid\"><div class=\"wpb_column vc_column_container vc_col-sm-12\"><div class=\"vc_column-inner\"><div class=\"wpb_wrapper\"><div class=\"vc_empty_space\"   style=\"height: 32px\"><span class=\"vc_empty_space_inner\"><\/span><\/div><\/div><\/div><\/div><\/div>\n<\/div>","protected":false},"excerpt":{"rendered":"Outside (non-firm) Attorneys Baur &amp; Klein, P.A. attempts to refer certain matters to an outside (non-Baur &amp; Klein, P.A.) Florida law firm whose attorneys have secured many six, seven, and eight-figure verdicts and settlements for their clients. These non-Baur &amp; Klein, P.A. attorneys have previously accepted referrals from Baur &amp; Klein, P.A. \u00a0These non-firm attorneys [...]","protected":false},"author":2,"featured_media":0,"parent":0,"menu_order":0,"comment_status":"closed","ping_status":"closed","template":"","meta":{"om_disable_all_campaigns":false,"_monsterinsights_skip_tracking":false,"_monsterinsights_sitenote_active":false,"_monsterinsights_sitenote_note":"","_monsterinsights_sitenote_category":0,"footnotes":""},"class_list":["post-1691","page","type-page","status-publish","hentry"],"_links":{"self":[{"href":"https:\/\/www.worldwidelaw.com\/de\/wp-json\/wp\/v2\/pages\/1691","targetHints":{"allow":["GET"]}}],"collection":[{"href":"https:\/\/www.worldwidelaw.com\/de\/wp-json\/wp\/v2\/pages"}],"about":[{"href":"https:\/\/www.worldwidelaw.com\/de\/wp-json\/wp\/v2\/types\/page"}],"author":[{"embeddable":true,"href":"https:\/\/www.worldwidelaw.com\/de\/wp-json\/wp\/v2\/users\/2"}],"replies":[{"embeddable":true,"href":"https:\/\/www.worldwidelaw.com\/de\/wp-json\/wp\/v2\/comments?post=1691"}],"version-history":[{"count":3,"href":"https:\/\/www.worldwidelaw.com\/de\/wp-json\/wp\/v2\/pages\/1691\/revisions"}],"predecessor-version":[{"id":1694,"href":"https:\/\/www.worldwidelaw.com\/de\/wp-json\/wp\/v2\/pages\/1691\/revisions\/1694"}],"wp:attachment":[{"href":"https:\/\/www.worldwidelaw.com\/de\/wp-json\/wp\/v2\/media?parent=1691"}],"curies":[{"name":"wp","href":"https:\/\/api.w.org\/{rel}","templated":true}]}}