{"id":1699,"date":"2023-10-24T15:36:59","date_gmt":"2023-10-24T15:36:59","guid":{"rendered":"https:\/\/law.shadikur.com\/?page_id=1699"},"modified":"2023-10-24T15:36:59","modified_gmt":"2023-10-24T15:36:59","slug":"of-counsel-attorneys-2","status":"publish","type":"page","link":"https:\/\/www.worldwidelaw.com\/de\/of-counsel-attorneys-2\/","title":{"rendered":"\"Of Counsel\"-Anw\u00e4lte"},"content":{"rendered":"<div class=\"wpb-content-wrapper\"><div data-vc-full-width=\"true\" data-vc-full-width-init=\"false\" class=\"vc_row wpb_row vc_row-fluid vc_custom_1498634670376 vc_row-has-fill\"><div class=\"wpb_column vc_column_container vc_col-sm-12\"><div class=\"vc_column-inner vc_custom_1498634650611\"><div class=\"wpb_wrapper\"><h1 style=\"text-align: left\" class=\"vc_custom_heading vc_custom_1698161776720\" >\"Of Counsel\"-Anw\u00e4lte<\/h1>\n\t<div  class=\"wpb_single_image wpb_content_element vc_align_left  vc_custom_1513073804793\">\n\t\t\n\t\t<figure class=\"wpb_wrapper vc_figure\">\n\t\t\t<div class=\"vc_single_image-wrapper   vc_box_border_grey\"><img loading=\"lazy\" decoding=\"async\" width=\"51\" height=\"8\" src=\"https:\/\/www.worldwidelaw.com\/wp-content\/uploads\/2017\/12\/hr-line.png\" class=\"vc_single_image-img attachment-full\" alt=\"Separator\" title=\"hr-line\" \/><\/div>\n\t\t<\/figure>\n\t<\/div>\n\n\t<div class=\"wpb_text_column wpb_content_element  vc_custom_1698161787093 home-welcome-text\" >\n\t\t<div class=\"wpb_wrapper\">\n\t\t\t<div>Baur &amp; Klein, P.A. arbeitet mit \"of counsel\"-Anw\u00e4lten in Florida zusammen, die in deutscher, englischer, spanischer und\/oder franz\u00f6sischer Sprache sprechen und schreiben. Baur &amp; Klein, P.A. hat mit diesen \"of counsel\"-Anw\u00e4lten erfolgreich im Namen von Baur &amp; Klein, P.A. Klienten zusammengearbeitet. <strong>Baur &amp; Klein, P.A. kann mit diesen \"of counsel\"-Anw\u00e4lten zusammenarbeiten oder sie in bestimmten Rechtsangelegenheiten an diese verweisen. <\/strong><\/div>\n\n\t\t<\/div>\n\t<\/div>\n<h3 style=\"text-align: left\" class=\"vc_custom_heading vc_custom_1698161798805\" >Achtung:<\/h3>\n\t<div class=\"wpb_text_column wpb_content_element\" >\n\t\t<div class=\"wpb_wrapper\">\n\t\t\t<div class=\"wpb_column vc_column_container vc_col-sm-12\">\n<div class=\"vc_column-inner vc_custom_1498634650611\">\n<div class=\"wpb_wrapper\">\n<div class=\"wpb_text_column wpb_content_element vc_custom_1698161148633 home-welcome-text\">\n<div class=\"wpb_wrapper\">\n<div>\n<div class=\"wpb_text_column wpb_content_element vc_custom_1698153819489 home-welcome-text\">\n<div class=\"wpb_wrapper\">\n<p><strong>Pers\u00f6nliche Beratungsgespr\u00e4che mit Baur &amp; Klein, P.A., in ihrem B\u00fcro in Miami, Florida, sind nur nach Vereinbarung m\u00f6glich; die meisten Angelegenheiten werden \u00fcber elektronische Kommunikation zwischen Baur &amp; Klein, P.A. und ihren<\/strong><\/p>\n<p><strong>Mandanten abgewickelt. Es werden keine \"walk ins\" akzeptiert. \"Ihr Fall kann an einen anderen Anwalt verwiesen werden.<\/strong><\/p>\n<\/div>\n<\/div>\n<\/div>\n<\/div>\n<\/div>\n<\/div>\n<\/div>\n<\/div>\n\n\t\t<\/div>\n\t<\/div>\n<\/div><\/div><\/div><\/div><div class=\"vc_row-full-width vc_clearfix\"><\/div><div class=\"vc_row wpb_row vc_row-fluid\"><div class=\"wpb_column vc_column_container vc_col-sm-12\"><div class=\"vc_column-inner\"><div class=\"wpb_wrapper\"><div class=\"vc_empty_space\"   style=\"height: 32px\"><span class=\"vc_empty_space_inner\"><\/span><\/div><\/div><\/div><\/div><\/div>\n<\/div>","protected":false},"excerpt":{"rendered":"\u201cOf Counsel\u201d Attorneys Baur &amp; Klein, P.A. has working relationships with \u201cof counsel\u201d Florida attorneys who speak and write in German, English, Spanish and\/or French. Baur &amp; Klein, P.A. has successfully collaborated with these \u201cof counsel\u201d attorneys on behalf of Baur &amp; Klein, P.A. clients. Baur &amp; Klein, P.A. may work with or refer certain [...]","protected":false},"author":2,"featured_media":0,"parent":0,"menu_order":0,"comment_status":"closed","ping_status":"closed","template":"","meta":{"om_disable_all_campaigns":false,"_monsterinsights_skip_tracking":false,"_monsterinsights_sitenote_active":false,"_monsterinsights_sitenote_note":"","_monsterinsights_sitenote_category":0,"footnotes":""},"class_list":["post-1699","page","type-page","status-publish","hentry"],"_links":{"self":[{"href":"https:\/\/www.worldwidelaw.com\/de\/wp-json\/wp\/v2\/pages\/1699","targetHints":{"allow":["GET"]}}],"collection":[{"href":"https:\/\/www.worldwidelaw.com\/de\/wp-json\/wp\/v2\/pages"}],"about":[{"href":"https:\/\/www.worldwidelaw.com\/de\/wp-json\/wp\/v2\/types\/page"}],"author":[{"embeddable":true,"href":"https:\/\/www.worldwidelaw.com\/de\/wp-json\/wp\/v2\/users\/2"}],"replies":[{"embeddable":true,"href":"https:\/\/www.worldwidelaw.com\/de\/wp-json\/wp\/v2\/comments?post=1699"}],"version-history":[{"count":1,"href":"https:\/\/www.worldwidelaw.com\/de\/wp-json\/wp\/v2\/pages\/1699\/revisions"}],"predecessor-version":[{"id":1700,"href":"https:\/\/www.worldwidelaw.com\/de\/wp-json\/wp\/v2\/pages\/1699\/revisions\/1700"}],"wp:attachment":[{"href":"https:\/\/www.worldwidelaw.com\/de\/wp-json\/wp\/v2\/media?parent=1699"}],"curies":[{"name":"wp","href":"https:\/\/api.w.org\/{rel}","templated":true}]}}