{"id":497,"date":"2017-06-28T07:16:03","date_gmt":"2017-06-28T07:16:03","guid":{"rendered":"http:\/\/wordpresstheme.net\/dump\/?page_id=497"},"modified":"2023-10-24T14:54:58","modified_gmt":"2023-10-24T14:54:58","slug":"about-us","status":"publish","type":"page","link":"https:\/\/www.worldwidelaw.com\/de\/about-us\/","title":{"rendered":"Die Kanzlei"},"content":{"rendered":"<div class=\"wpb-content-wrapper\"><div data-vc-full-width=\"true\" data-vc-full-width-init=\"false\" class=\"vc_row wpb_row vc_row-fluid vc_custom_1498634670376 vc_row-has-fill\"><div class=\"wpb_column vc_column_container vc_col-sm-8\"><div class=\"vc_column-inner vc_custom_1498634650611\"><div class=\"wpb_wrapper\"><h1 style=\"text-align: left\" class=\"vc_custom_heading vc_custom_1698159073862\" >Die Kanzlei - Baur &amp; Klein, P.A.<\/h1>\n\t<div  class=\"wpb_single_image wpb_content_element vc_align_left  vc_custom_1513073804793\">\n\t\t\n\t\t<figure class=\"wpb_wrapper vc_figure\">\n\t\t\t<div class=\"vc_single_image-wrapper   vc_box_border_grey\"><img loading=\"lazy\" decoding=\"async\" width=\"51\" height=\"8\" src=\"https:\/\/www.worldwidelaw.com\/wp-content\/uploads\/2017\/12\/hr-line.png\" class=\"vc_single_image-img attachment-full\" alt=\"Separator\" title=\"hr-line\" \/><\/div>\n\t\t<\/figure>\n\t<\/div>\n\n\t<div class=\"wpb_text_column wpb_content_element  vc_custom_1698141451775 home-welcome-text\" >\n\t\t<div class=\"wpb_wrapper\">\n\t\t\t<div>\n<p>Baur &amp; Klein, P.A. ist eine Wirtschaftskanzlei, die seit 1981 qualitativ hochwertige Rechtsdienstleistungen f\u00fcr in- und ausl\u00e4ndische Klienten anbietet. Als ehemaliger Honorarberater des Generalkonsulats der Bundesrepublik Deutschland in Miami und der \u00f6sterreichischen Handelsdelegation in Atlanta und mit Anw\u00e4lten, die in Florida und Deutschland zugelassen sind, konzentrieren sich die Kanzlei und ihre Anw\u00e4lte auf die Betreuung deutschsprachiger Mandanten. Die Kanzlei und\/oder ihre \"of Counsel\"-Anw\u00e4lte haben auch Mandanten aus anderen Teilen Europas, Lateinamerikas und dem Vereinigten K\u00f6nigreich betreut. Die Kanzlei und\/oder ihre \"of Counsel\"-Anw\u00e4lte haben Einzelpersonen, Investoren, mittelst\u00e4ndische Unternehmen, Gesellschaften, Regierungen und internationale Handelsorganisationen beraten.<\/p>\n<p>Die Kanzlei und\/oder ihre \"of Counsel\"-Anw\u00e4lte, die sich auf verschiedene Fachgebiete konzentrieren und in der Lage sind, in Deutsch, Spanisch, Franz\u00f6sisch und\/oder anderen europ\u00e4ischen Sprachen zu kommunizieren, haben Mandanten in vielen Aspekten kommerzieller und inl\u00e4ndischer Angelegenheiten vertreten und beraten, darunter Unternehmens- und Privattransaktionen, Einwanderung, Investitionen, Immobilien, Nachl\u00e4sse, Rechtsstreitigkeiten, Personensch\u00e4den und Unternehmensgr\u00fcndungen. Gelegentlich hat die Kanzlei mit externen Steuer- und Nachlassplanungsexperten, externen (nicht zur Kanzlei geh\u00f6renden) Anw\u00e4lten f\u00fcr komplexe Rechtsstreitigkeiten, die an die Kanzlei verwiesen wurden, externen Anw\u00e4lten f\u00fcr Personensch\u00e4den, externen Anw\u00e4lten f\u00fcr \u00e4rztliche Kunstfehler usw. zusammengearbeitet, um sicherzustellen, dass die Bed\u00fcrfnisse ihrer Kunden vollst\u00e4ndig erf\u00fcllt werden.<\/p>\n<p>Obwohl die Kanzlei ein B\u00fcro im Stadtteil Brickell in Miami unterh\u00e4lt, einem etablierten Zentrum f\u00fcr internationale Gesch\u00e4fte, Banken und Investitionen, haben ihre Anw\u00e4lte und\/oder \"of Counsel\"-Anw\u00e4lte auch an vielen anderen Orten in Florida Rechtsdienstleistungen erbracht.<\/p>\n<p>Baur &amp; Klein, P.A. und\/oder ihre \"of Counsel\"-Anw\u00e4lte haben in Angelegenheiten zusammengearbeitet, die an verschiedene externe Wirtschaftspr\u00fcfer, Immobilienmakler, Hypothekenmakler und andere Fachleute verwiesen wurden, von denen viele die Sprache unserer Mandanten sprechen, sei es Deutsch, Spanisch, Franz\u00f6sisch oder Englisch. Die Kanzlei und\/oder ihre \"of Counsel\"-Anw\u00e4lte haben auch wie die ausgelagerte Rechtsabteilung eines Mandanten gehandelt, unter anderem durch die Zusammenarbeit mit externen Anw\u00e4lten, die f\u00fcr die Bearbeitung der Angelegenheit am besten geeignet waren.<\/p>\n<p><strong>Pers\u00f6nliche Beratungsgespr\u00e4che mit Baur &amp; Klein, P.A., in ihrem B\u00fcro in Miami, Florida, sind nur nach Vereinbarung m\u00f6glich; die meisten Angelegenheiten werden \u00fcber elektronische Kommunikation zwischen Baur &amp; Klein, P.A. und ihren<\/strong><\/p>\n<p><strong>Mandanten abgewickelt. Es werden keine \"walk ins\" akzeptiert. \"Ihr Fall kann an einen anderen Anwalt verwiesen werden.<\/strong><\/p>\n<\/div>\n\n\t\t<\/div>\n\t<\/div>\n<h3 style=\"text-align: left\" class=\"vc_custom_heading vc_custom_1698159293170\" >Wir k\u00f6nnen Ihnen bei allen rechtlichen Fragen helfen - fragen Sie uns einfach<\/h3><\/div><\/div><\/div><div class=\"wpb_column vc_column_container vc_col-sm-4\"><div class=\"vc_column-inner vc_custom_1498634658250\"><div class=\"wpb_wrapper\">\n\t<div  class=\"wpb_single_image wpb_content_element vc_align_center\">\n\t\t<h2 class=\"wpb_heading wpb_singleimage_heading\">Brickell Bay Office Tower, Miami<\/h2>\n\t\t<figure class=\"wpb_wrapper vc_figure\">\n\t\t\t<div class=\"vc_single_image-wrapper vc_box_rounded  vc_box_border_grey\"><img loading=\"lazy\" decoding=\"async\" width=\"527\" height=\"739\" src=\"https:\/\/www.worldwidelaw.com\/wp-content\/uploads\/2023\/10\/chrome_LKIKKNEOea.png\" class=\"vc_single_image-img attachment-full\" alt=\"\" title=\"chrome_LKIKKNEOea\" srcset=\"https:\/\/www.worldwidelaw.com\/wp-content\/uploads\/2023\/10\/chrome_LKIKKNEOea.png 527w, https:\/\/www.worldwidelaw.com\/wp-content\/uploads\/2023\/10\/chrome_LKIKKNEOea-214x300.png 214w, https:\/\/www.worldwidelaw.com\/wp-content\/uploads\/2023\/10\/chrome_LKIKKNEOea-9x12.png 9w\" sizes=\"auto, (max-width: 527px) 100vw, 527px\" \/><\/div>\n\t\t<\/figure>\n\t<\/div>\n<\/div><\/div><\/div><\/div><div class=\"vc_row-full-width vc_clearfix\"><\/div><div class=\"vc_row wpb_row vc_row-fluid\"><div class=\"wpb_column vc_column_container vc_col-sm-12\"><div class=\"vc_column-inner\"><div class=\"wpb_wrapper\"><div class=\"vc_empty_space\"   style=\"height: 32px\"><span class=\"vc_empty_space_inner\"><\/span><\/div><\/div><\/div><\/div><\/div>\n<\/div>","protected":false},"excerpt":{"rendered":"Law Firm - Baur &amp; Klein, P.A. Baur &amp; Klein, P.A. is a commercial law firm providing quality legal services to domestic and foreign clientele since 1981. As past Honorary Counsel to the Consulate General of the Federal Republic of Germany in Miami and the Austrian Trade Delegation in Atlanta, and with firm and\/or \u201cof [...]","protected":false},"author":2,"featured_media":1419,"parent":0,"menu_order":0,"comment_status":"closed","ping_status":"closed","template":"","meta":{"om_disable_all_campaigns":false,"_monsterinsights_skip_tracking":false,"_monsterinsights_sitenote_active":false,"_monsterinsights_sitenote_note":"","_monsterinsights_sitenote_category":0,"footnotes":""},"class_list":["post-497","page","type-page","status-publish","has-post-thumbnail","hentry"],"_links":{"self":[{"href":"https:\/\/www.worldwidelaw.com\/de\/wp-json\/wp\/v2\/pages\/497","targetHints":{"allow":["GET"]}}],"collection":[{"href":"https:\/\/www.worldwidelaw.com\/de\/wp-json\/wp\/v2\/pages"}],"about":[{"href":"https:\/\/www.worldwidelaw.com\/de\/wp-json\/wp\/v2\/types\/page"}],"author":[{"embeddable":true,"href":"https:\/\/www.worldwidelaw.com\/de\/wp-json\/wp\/v2\/users\/2"}],"replies":[{"embeddable":true,"href":"https:\/\/www.worldwidelaw.com\/de\/wp-json\/wp\/v2\/comments?post=497"}],"version-history":[{"count":19,"href":"https:\/\/www.worldwidelaw.com\/de\/wp-json\/wp\/v2\/pages\/497\/revisions"}],"predecessor-version":[{"id":1683,"href":"https:\/\/www.worldwidelaw.com\/de\/wp-json\/wp\/v2\/pages\/497\/revisions\/1683"}],"wp:featuredmedia":[{"embeddable":true,"href":"https:\/\/www.worldwidelaw.com\/de\/wp-json\/wp\/v2\/media\/1419"}],"wp:attachment":[{"href":"https:\/\/www.worldwidelaw.com\/de\/wp-json\/wp\/v2\/media?parent=497"}],"curies":[{"name":"wp","href":"https:\/\/api.w.org\/{rel}","templated":true}]}}